{"id":615,"date":"2019-03-07T17:07:08","date_gmt":"2019-03-07T17:07:08","guid":{"rendered":"https:\/\/www.explore-greece.com\/?page_id=615"},"modified":"2019-03-09T14:29:28","modified_gmt":"2019-03-09T14:29:28","slug":"siteseeing","status":"publish","type":"page","link":"https:\/\/www.explore-greece.com\/fr\/visite-du-site\/","title":{"rendered":"Visite du site"},"content":{"rendered":"<div data-elementor-type=\"wp-post\" data-elementor-id=\"615\" class=\"elementor elementor-615 elementor-bc-flex-widget\">\n\t\t\t\t\t\t\t\t\t<section class=\"elementor-section elementor-top-section elementor-element elementor-element-3478e8f elementor-section-stretched elementor-section-full_width elementor-section-height-default elementor-section-height-default\" data-id=\"3478e8f\" data-element_type=\"section\" data-settings=\"{&quot;stretch_section&quot;:&quot;section-stretched&quot;}\">\n\t\t\t\t\t\t<div class=\"elementor-container elementor-column-gap-no\">\n\t\t\t\t\t<div class=\"elementor-column elementor-col-100 elementor-top-column elementor-element elementor-element-dddcf32\" data-id=\"dddcf32\" data-element_type=\"column\">\n\t\t\t<div class=\"elementor-widget-wrap elementor-element-populated\">\n\t\t\t\t\t\t\t\t<div class=\"elementor-element elementor-element-4637bac elementor-grid-1 featured elementor-widget__width-inherit elementor-grid-tablet-1 elementor-grid-mobile-1 elementor-posts--thumbnail-top elementor-widget elementor-widget-posts\" data-id=\"4637bac\" data-element_type=\"widget\" data-settings=\"{&quot;classic_columns&quot;:&quot;1&quot;,&quot;classic_row_gap&quot;:{&quot;unit&quot;:&quot;px&quot;,&quot;size&quot;:35,&quot;sizes&quot;:[]},&quot;classic_columns_tablet&quot;:&quot;1&quot;,&quot;classic_columns_mobile&quot;:&quot;1&quot;,&quot;classic_row_gap_tablet&quot;:{&quot;unit&quot;:&quot;px&quot;,&quot;size&quot;:&quot;&quot;,&quot;sizes&quot;:[]},&quot;classic_row_gap_mobile&quot;:{&quot;unit&quot;:&quot;px&quot;,&quot;size&quot;:&quot;&quot;,&quot;sizes&quot;:[]}}\" data-widget_type=\"posts.classic\">\n\t\t\t\t<div class=\"elementor-widget-container\">\n\t\t\t\t\t<div class=\"elementor-posts-container elementor-posts elementor-posts--skin-classic elementor-grid\">\n\t\t\t\t<article class=\"elementor-post elementor-grid-item post-420 post type-post status-publish format-standard has-post-thumbnail hentry category-destinations tag-acropolis tag-apollo tag-athens tag-delos tag-delphi tag-mount-athos tag-mycenae tag-olympia tag-patmos tag-rhodes tag-unesco\">\n\t\t\t\t<a class=\"elementor-post__thumbnail__link\" href=\"https:\/\/www.explore-greece.com\/fr\/sites-du-patrimoine-mondial-de-l-unesco-en-grece\/\" >\n\t\t\t<div class=\"elementor-post__thumbnail\"><img decoding=\"async\" loading=\"lazy\" width=\"1920\" height=\"1280\" src=\"https:\/\/www.explore-greece.com\/wp-content\/uploads\/2019\/03\/erexthio_1920.jpg\" class=\"attachment-full size-full wp-image-421\" alt=\"\" srcset=\"https:\/\/www.explore-greece.com\/wp-content\/uploads\/2019\/03\/erexthio_1920.jpg 1920w, https:\/\/www.explore-greece.com\/wp-content\/uploads\/2019\/03\/erexthio_1920-300x200.jpg 300w, https:\/\/www.explore-greece.com\/wp-content\/uploads\/2019\/03\/erexthio_1920-768x512.jpg 768w, https:\/\/www.explore-greece.com\/wp-content\/uploads\/2019\/03\/erexthio_1920-1024x683.jpg 1024w\" sizes=\"(max-width: 1920px) 100vw, 1920px\" \/><\/div>\n\t\t<\/a>\n\t\t\t\t<div class=\"elementor-post__text\">\n\t\t\t\t<h2 class=\"elementor-post__title\">\n\t\t\t<a href=\"https:\/\/www.explore-greece.com\/fr\/sites-du-patrimoine-mondial-de-l-unesco-en-grece\/\" >\n\t\t\t\tSites du patrimoine mondial de l&#039;UNESCO en Gr\u00e8ce\t\t\t<\/a>\n\t\t<\/h2>\n\t\t\t\t<\/div>\n\t\t\t\t<\/article>\n\t\t\t\t<article class=\"elementor-post elementor-grid-item post-241 post type-post status-publish format-standard has-post-thumbnail hentry category-siteseeing tag-boat-tours tag-thessaloniki\">\n\t\t\t\t<a class=\"elementor-post__thumbnail__link\" href=\"https:\/\/www.explore-greece.com\/fr\/excursions-en-bateau-decouvrir-thessalonique-a-travers-la-mer\/\" >\n\t\t\t<div class=\"elementor-post__thumbnail\"><img decoding=\"async\" loading=\"lazy\" width=\"1920\" height=\"1281\" src=\"https:\/\/www.explore-greece.com\/wp-content\/uploads\/2019\/02\/Thessaloniki-001.jpg\" class=\"attachment-full size-full wp-image-242\" alt=\"\" srcset=\"https:\/\/www.explore-greece.com\/wp-content\/uploads\/2019\/02\/Thessaloniki-001.jpg 1920w, https:\/\/www.explore-greece.com\/wp-content\/uploads\/2019\/02\/Thessaloniki-001-300x200.jpg 300w, https:\/\/www.explore-greece.com\/wp-content\/uploads\/2019\/02\/Thessaloniki-001-768x512.jpg 768w, https:\/\/www.explore-greece.com\/wp-content\/uploads\/2019\/02\/Thessaloniki-001-1024x683.jpg 1024w\" sizes=\"(max-width: 1920px) 100vw, 1920px\" \/><\/div>\n\t\t<\/a>\n\t\t\t\t<div class=\"elementor-post__text\">\n\t\t\t\t<h2 class=\"elementor-post__title\">\n\t\t\t<a href=\"https:\/\/www.explore-greece.com\/fr\/excursions-en-bateau-decouvrir-thessalonique-a-travers-la-mer\/\" >\n\t\t\t\tExcursions en bateau \u2013 D\u00e9couvrez Thessalonique \u00e0 travers la mer !\t\t\t<\/a>\n\t\t<\/h2>\n\t\t\t\t<\/div>\n\t\t\t\t<\/article>\n\t\t\t\t<\/div>\n\t\t\n\t\t\t\t<\/div>\n\t\t\t\t<\/div>\n\t\t\t\t<div class=\"elementor-element elementor-element-567218d elementor-widget elementor-widget-spacer\" data-id=\"567218d\" data-element_type=\"widget\" data-widget_type=\"spacer.default\">\n\t\t\t\t<div class=\"elementor-widget-container\">\n\t\t\t\t\t<div class=\"elementor-spacer\">\n\t\t\t<div class=\"elementor-spacer-inner\"><\/div>\n\t\t<\/div>\n\t\t\t\t<\/div>\n\t\t\t\t<\/div>\n\t\t\t\t\t<\/div>\n\t\t<\/div>\n\t\t\t\t\t\t\t<\/div>\n\t\t<\/section>\n\t\t\t\t<section class=\"elementor-section elementor-top-section elementor-element elementor-element-950f05f elementor-section-boxed elementor-section-height-default elementor-section-height-default\" data-id=\"950f05f\" data-element_type=\"section\">\n\t\t\t\t\t\t<div class=\"elementor-container elementor-column-gap-default\">\n\t\t\t\t\t<div class=\"elementor-column elementor-col-50 elementor-top-column elementor-element elementor-element-b31424e\" data-id=\"b31424e\" data-element_type=\"column\">\n\t\t\t<div class=\"elementor-widget-wrap elementor-element-populated\">\n\t\t\t\t\t\t\t\t<div class=\"elementor-element elementor-element-0c5b3f7 second elementor-widget__width-inherit elementor-grid-1 elementor-grid-tablet-1 elementor-grid-mobile-1 elementor-posts--thumbnail-top elementor-card-shadow-yes elementor-posts__hover-gradient elementor-widget elementor-widget-posts\" data-id=\"0c5b3f7\" data-element_type=\"widget\" data-settings=\"{&quot;cards_row_gap&quot;:{&quot;unit&quot;:&quot;px&quot;,&quot;size&quot;:35,&quot;sizes&quot;:[]},&quot;cards_columns&quot;:&quot;1&quot;,&quot;cards_columns_tablet&quot;:&quot;1&quot;,&quot;cards_columns_mobile&quot;:&quot;1&quot;,&quot;cards_row_gap_tablet&quot;:{&quot;unit&quot;:&quot;px&quot;,&quot;size&quot;:&quot;&quot;,&quot;sizes&quot;:[]},&quot;cards_row_gap_mobile&quot;:{&quot;unit&quot;:&quot;px&quot;,&quot;size&quot;:&quot;&quot;,&quot;sizes&quot;:[]}}\" data-widget_type=\"posts.cards\">\n\t\t\t\t<div class=\"elementor-widget-container\">\n\t\t\t\t\t<div class=\"elementor-posts-container elementor-posts elementor-posts--skin-cards elementor-grid\">\n\t\t\t\t<article class=\"elementor-post elementor-grid-item post-420 post type-post status-publish format-standard has-post-thumbnail hentry category-destinations tag-acropolis tag-apollo tag-athens tag-delos tag-delphi tag-mount-athos tag-mycenae tag-olympia tag-patmos tag-rhodes tag-unesco\">\n\t\t\t<div class=\"elementor-post__card\">\n\t\t\t\t<a class=\"elementor-post__thumbnail__link\" href=\"https:\/\/www.explore-greece.com\/fr\/sites-du-patrimoine-mondial-de-l-unesco-en-grece\/\" ><div class=\"elementor-post__thumbnail\"><img loading=\"lazy\" width=\"1920\" height=\"1280\" src=\"https:\/\/www.explore-greece.com\/wp-content\/uploads\/2019\/03\/erexthio_1920.jpg\" class=\"attachment-full size-full wp-image-421\" alt=\"\" decoding=\"async\" srcset=\"https:\/\/www.explore-greece.com\/wp-content\/uploads\/2019\/03\/erexthio_1920.jpg 1920w, https:\/\/www.explore-greece.com\/wp-content\/uploads\/2019\/03\/erexthio_1920-300x200.jpg 300w, https:\/\/www.explore-greece.com\/wp-content\/uploads\/2019\/03\/erexthio_1920-768x512.jpg 768w, https:\/\/www.explore-greece.com\/wp-content\/uploads\/2019\/03\/erexthio_1920-1024x683.jpg 1024w\" sizes=\"(max-width: 1920px) 100vw, 1920px\" \/><\/div><\/a>\n\t\t\t\t<div class=\"elementor-post__text\">\n\t\t\t\t<h2 class=\"elementor-post__title\">\n\t\t\t<a href=\"https:\/\/www.explore-greece.com\/fr\/sites-du-patrimoine-mondial-de-l-unesco-en-grece\/\" >\n\t\t\t\tSites du patrimoine mondial de l&#039;UNESCO en Gr\u00e8ce\t\t\t<\/a>\n\t\t<\/h2>\n\t\t\t\t<\/div>\n\t\t\t\t\t<\/div>\n\t\t<\/article>\n\t\t\t\t<article class=\"elementor-post elementor-grid-item post-260 post type-post status-publish format-standard has-post-thumbnail hentry category-siteseeing tag-athens tag-bus-tour\">\n\t\t\t<div class=\"elementor-post__card\">\n\t\t\t\t<a class=\"elementor-post__thumbnail__link\" href=\"https:\/\/www.explore-greece.com\/fr\/visiter-athenes-monter-dans-un-bus\/\" ><div class=\"elementor-post__thumbnail\"><img loading=\"lazy\" width=\"1920\" height=\"1281\" src=\"https:\/\/www.explore-greece.com\/wp-content\/uploads\/2019\/03\/shutterstock_198648347_.jpg\" class=\"attachment-full size-full wp-image-366\" alt=\"\" decoding=\"async\" srcset=\"https:\/\/www.explore-greece.com\/wp-content\/uploads\/2019\/03\/shutterstock_198648347_.jpg 1920w, https:\/\/www.explore-greece.com\/wp-content\/uploads\/2019\/03\/shutterstock_198648347_-300x200.jpg 300w, https:\/\/www.explore-greece.com\/wp-content\/uploads\/2019\/03\/shutterstock_198648347_-768x512.jpg 768w, https:\/\/www.explore-greece.com\/wp-content\/uploads\/2019\/03\/shutterstock_198648347_-1024x683.jpg 1024w\" sizes=\"(max-width: 1920px) 100vw, 1920px\" \/><\/div><\/a>\n\t\t\t\t<div class=\"elementor-post__text\">\n\t\t\t\t<h2 class=\"elementor-post__title\">\n\t\t\t<a href=\"https:\/\/www.explore-greece.com\/fr\/visiter-athenes-monter-dans-un-bus\/\" >\n\t\t\t\tVisiter Ath\u00e8nes ? Montez dans un bus\u00a0!\t\t\t<\/a>\n\t\t<\/h2>\n\t\t\t\t<\/div>\n\t\t\t\t\t<\/div>\n\t\t<\/article>\n\t\t\t\t<\/div>\n\t\t\n\t\t\t\t<\/div>\n\t\t\t\t<\/div>\n\t\t\t\t\t<\/div>\n\t\t<\/div>\n\t\t\t\t<div class=\"elementor-column elementor-col-50 elementor-top-column elementor-element elementor-element-4e5f201\" data-id=\"4e5f201\" data-element_type=\"column\">\n\t\t\t<div class=\"elementor-widget-wrap elementor-element-populated\">\n\t\t\t\t\t\t\t\t<div class=\"elementor-element elementor-element-01ee052 elementor-widget elementor-widget-html\" data-id=\"01ee052\" data-element_type=\"widget\" data-widget_type=\"html.default\">\n\t\t\t\t<div class=\"elementor-widget-container\">\n\t\t\t<script async src=\"\/\/pagead2.googlesyndication.com\/pagead\/js\/adsbygoogle.js\"><\/script>\r\n<!-- Explore Home Side -->\r\n<ins class=\"adsbygoogle\"\r\n     style=\"display:block\"\r\n     data-ad-client=\"ca-pub-7940165434939605\"\r\n     data-ad-slot=\"3737896192\"\r\n     data-ad-format=\"auto\"\r\n     data-full-width-responsive=\"true\"><\/ins>\r\n<script>\r\n(adsbygoogle = window.adsbygoogle || []).push({});\r\n<\/script>\t\t<\/div>\n\t\t\t\t<\/div>\n\t\t\t\t<div class=\"elementor-element elementor-element-dac595c elementor-hidden-phone elementor-widget elementor-widget-html\" data-id=\"dac595c\" data-element_type=\"widget\" data-widget_type=\"html.default\">\n\t\t\t\t<div class=\"elementor-widget-container\">\n\t\t\t<script async src=\"\/\/pagead2.googlesyndication.com\/pagead\/js\/adsbygoogle.js\"><\/script>\r\n<!-- Explore Home Side -->\r\n<ins class=\"adsbygoogle\"\r\n     style=\"display:block\"\r\n     data-ad-client=\"ca-pub-7940165434939605\"\r\n     data-ad-slot=\"3737896192\"\r\n     data-ad-format=\"auto\"\r\n     data-full-width-responsive=\"true\"><\/ins>\r\n<script>\r\n(adsbygoogle = window.adsbygoogle || []).push({});\r\n<\/script>\t\t<\/div>\n\t\t\t\t<\/div>\n\t\t\t\t\t<\/div>\n\t\t<\/div>\n\t\t\t\t\t\t\t<\/div>\n\t\t<\/section>\n\t\t\t\t<section class=\"elementor-section elementor-top-section elementor-element elementor-element-4b09466 elementor-section-boxed elementor-section-height-default elementor-section-height-default\" data-id=\"4b09466\" data-element_type=\"section\">\n\t\t\t\t\t\t<div class=\"elementor-container elementor-column-gap-default\">\n\t\t\t\t\t<div class=\"elementor-column elementor-col-50 elementor-top-column elementor-element elementor-element-7fcee39\" data-id=\"7fcee39\" data-element_type=\"column\">\n\t\t\t<div class=\"elementor-widget-wrap elementor-element-populated\">\n\t\t\t\t\t\t\t\t<div class=\"elementor-element elementor-element-79a73d0 elementor-widget elementor-widget-spacer\" data-id=\"79a73d0\" data-element_type=\"widget\" data-widget_type=\"spacer.default\">\n\t\t\t\t<div class=\"elementor-widget-container\">\n\t\t\t\t\t<div class=\"elementor-spacer\">\n\t\t\t<div class=\"elementor-spacer-inner\"><\/div>\n\t\t<\/div>\n\t\t\t\t<\/div>\n\t\t\t\t<\/div>\n\t\t\t\t<div class=\"elementor-element elementor-element-7d0fec9 elementor-grid-2 elementor-grid-tablet-2 elementor-grid-mobile-1 elementor-posts--thumbnail-top elementor-card-shadow-yes elementor-posts__hover-gradient elementor-widget elementor-widget-posts\" data-id=\"7d0fec9\" data-element_type=\"widget\" data-settings=\"{&quot;cards_masonry&quot;:&quot;yes&quot;,&quot;pagination_type&quot;:&quot;numbers_and_prev_next&quot;,&quot;cards_row_gap&quot;:{&quot;unit&quot;:&quot;px&quot;,&quot;size&quot;:35,&quot;sizes&quot;:[]},&quot;cards_columns&quot;:&quot;2&quot;,&quot;cards_columns_tablet&quot;:&quot;2&quot;,&quot;cards_columns_mobile&quot;:&quot;1&quot;,&quot;cards_row_gap_tablet&quot;:{&quot;unit&quot;:&quot;px&quot;,&quot;size&quot;:&quot;&quot;,&quot;sizes&quot;:[]},&quot;cards_row_gap_mobile&quot;:{&quot;unit&quot;:&quot;px&quot;,&quot;size&quot;:&quot;&quot;,&quot;sizes&quot;:[]}}\" data-widget_type=\"posts.cards\">\n\t\t\t\t<div class=\"elementor-widget-container\">\n\t\t\t\t\t<div class=\"elementor-posts-container elementor-posts elementor-posts--skin-cards elementor-grid\">\n\t\t\t\t<article class=\"elementor-post elementor-grid-item post-510 post type-post status-publish format-standard has-post-thumbnail hentry category-destinations category-siteseeing tag-acropolis tag-athens tag-delphi tag-epidaurus tag-greece tag-knossos tag-sparta tag-vergina\">\n\t\t\t<div class=\"elementor-post__card\">\n\t\t\t\t<a class=\"elementor-post__thumbnail__link\" href=\"https:\/\/www.explore-greece.com\/fr\/10-sites-antiques-incontournables-en-grece\/\" ><div class=\"elementor-post__thumbnail\"><img loading=\"lazy\" width=\"768\" height=\"459\" src=\"https:\/\/www.explore-greece.com\/wp-content\/uploads\/2019\/03\/shutterstock_156966542_1920-768x459.jpg\" class=\"attachment-medium_large size-medium_large wp-image-424\" alt=\"L&#039;acropole\" decoding=\"async\" srcset=\"https:\/\/www.explore-greece.com\/wp-content\/uploads\/2019\/03\/shutterstock_156966542_1920-768x459.jpg 768w, https:\/\/www.explore-greece.com\/wp-content\/uploads\/2019\/03\/shutterstock_156966542_1920-300x179.jpg 300w, https:\/\/www.explore-greece.com\/wp-content\/uploads\/2019\/03\/shutterstock_156966542_1920-1024x612.jpg 1024w, https:\/\/www.explore-greece.com\/wp-content\/uploads\/2019\/03\/shutterstock_156966542_1920.jpg 1920w\" sizes=\"(max-width: 768px) 100vw, 768px\" \/><\/div><\/a>\n\t\t\t\t<div class=\"elementor-post__badge\">Destinations<\/div>\n\t\t\t\t<div class=\"elementor-post__text\">\n\t\t\t\t<h2 class=\"elementor-post__title\">\n\t\t\t<a href=\"https:\/\/www.explore-greece.com\/fr\/10-sites-antiques-incontournables-en-grece\/\" >\n\t\t\t\t10 sites antiques incontournables en Gr\u00e8ce\t\t\t<\/a>\n\t\t<\/h2>\n\t\t\t\t<div class=\"elementor-post__excerpt\">\n\t\t\t<p>Des forteresses \u00e9lanc\u00e9es sur les collines de Corinthe aux ic\u00f4nes en ruine au-dessus de l&#039;horizon ath\u00e9nien, nous jetons un coup d&#039;\u0153il \u00e0 certains des endroits incontournables pour les passionn\u00e9s d&#039;histoire.<\/p>\n\t\t<\/div>\n\t\t\n\t\t<a class=\"elementor-post__read-more\" href=\"https:\/\/www.explore-greece.com\/fr\/10-sites-antiques-incontournables-en-grece\/\" aria-label=\"En savoir plus sur 10 sites antiques incontournables en Gr\u00e8ce\" >\n\t\t\tEn savoir plus &quot;\t\t<\/a>\n\n\t\t\t\t<\/div>\n\t\t\t\t\t<\/div>\n\t\t<\/article>\n\t\t\t\t<\/div>\n\t\t\n\t\t\t\t<\/div>\n\t\t\t\t<\/div>\n\t\t\t\t\t<\/div>\n\t\t<\/div>\n\t\t\t\t<div class=\"elementor-column elementor-col-50 elementor-top-column elementor-element elementor-element-09645d6\" data-id=\"09645d6\" data-element_type=\"column\">\n\t\t\t<div class=\"elementor-widget-wrap elementor-element-populated\">\n\t\t\t\t\t\t\t\t<section class=\"elementor-section elementor-inner-section elementor-element elementor-element-c930d0e elementor-section-height-min-height elementor-section-boxed elementor-section-height-default\" data-id=\"c930d0e\" data-element_type=\"section\" data-settings=\"{&quot;sticky&quot;:&quot;top&quot;,&quot;sticky_on&quot;:[&quot;desktop&quot;,&quot;tablet&quot;],&quot;sticky_offset&quot;:0,&quot;sticky_effects_offset&quot;:0}\">\n\t\t\t\t\t\t<div class=\"elementor-container elementor-column-gap-default\">\n\t\t\t\t\t<div class=\"elementor-column elementor-col-100 elementor-inner-column elementor-element elementor-element-1c1ddfb\" data-id=\"1c1ddfb\" data-element_type=\"column\">\n\t\t\t<div class=\"elementor-widget-wrap elementor-element-populated\">\n\t\t\t\t\t\t\t\t<div class=\"elementor-element elementor-element-90eafe1 elementor-widget elementor-widget-html\" data-id=\"90eafe1\" data-element_type=\"widget\" data-widget_type=\"html.default\">\n\t\t\t\t<div class=\"elementor-widget-container\">\n\t\t\t<div id=\"fb-root\"><\/div>\r\n<script async defer src=\"https:\/\/connect.facebook.net\/en_GB\/sdk.js#xfbml=1&version=v3.2&appId=399887880351221&autoLogAppEvents=1\"><\/script>\r\n\r\n<div class=\"fb-page\" data-href=\"https:\/\/www.facebook.com\/ExploreGreeceCom\/\" data-tabs=\"timeline\" data-small-header=\"false\" data-adapt-container-width=\"true\" data-hide-cover=\"false\" data-show-facepile=\"true\"><blockquote cite=\"https:\/\/www.facebook.com\/ExploreGreeceCom\/\" class=\"fb-xfbml-parse-ignore\"><a href=\"https:\/\/www.facebook.com\/ExploreGreeceCom\/\">Explorez la Gr\u00e8ce<\/a><\/blockquote><\/div>\t\t<\/div>\n\t\t\t\t<\/div>\n\t\t\t\t<div class=\"elementor-element elementor-element-100c6dd elementor-hidden-phone elementor-widget elementor-widget-html\" data-id=\"100c6dd\" data-element_type=\"widget\" data-widget_type=\"html.default\">\n\t\t\t\t<div class=\"elementor-widget-container\">\n\t\t\t<script async src=\"\/\/pagead2.googlesyndication.com\/pagead\/js\/adsbygoogle.js\"><\/script>\r\n<!-- Explore Home Side -->\r\n<ins class=\"adsbygoogle\"\r\n     style=\"display:block\"\r\n     data-ad-client=\"ca-pub-7940165434939605\"\r\n     data-ad-slot=\"3737896192\"\r\n     data-ad-format=\"auto\"\r\n     data-full-width-responsive=\"true\"><\/ins>\r\n<script>\r\n(adsbygoogle = window.adsbygoogle || []).push({});\r\n<\/script>\t\t<\/div>\n\t\t\t\t<\/div>\n\t\t\t\t\t<\/div>\n\t\t<\/div>\n\t\t\t\t\t\t\t<\/div>\n\t\t<\/section>\n\t\t\t\t\t<\/div>\n\t\t<\/div>\n\t\t\t\t\t\t\t<\/div>\n\t\t<\/section>\n\t\t\t\t\t\t\t<\/div>","protected":false},"excerpt":{"rendered":"<p>Explorez la Gr\u00e8ce<\/p>","protected":false},"author":1,"featured_media":0,"parent":0,"menu_order":0,"comment_status":"closed","ping_status":"closed","template":"","meta":{"footnotes":""},"yoast_head":"<!-- This site is optimized with the Yoast SEO plugin v21.3 - https:\/\/yoast.com\/wordpress\/plugins\/seo\/ -->\n<title>Siteseeing - Explore Greece<\/title>\n<meta name=\"robots\" content=\"index, follow, max-snippet:-1, max-image-preview:large, max-video-preview:-1\" \/>\n<link rel=\"canonical\" href=\"https:\/\/www.explore-greece.com\/fr\/visite-du-site\/\" \/>\n<meta property=\"og:locale\" content=\"fr_FR\" \/>\n<meta property=\"og:type\" content=\"article\" \/>\n<meta property=\"og:title\" content=\"Siteseeing - Explore Greece\" \/>\n<meta property=\"og:description\" content=\"Explore Greece\" \/>\n<meta property=\"og:url\" content=\"https:\/\/www.explore-greece.com\/fr\/visite-du-site\/\" \/>\n<meta property=\"og:site_name\" content=\"Explore Greece\" \/>\n<meta property=\"article:modified_time\" content=\"2019-03-09T14:29:28+00:00\" \/>\n<meta name=\"twitter:card\" content=\"summary_large_image\" \/>\n<script type=\"application\/ld+json\" class=\"yoast-schema-graph\">{\"@context\":\"https:\/\/schema.org\",\"@graph\":[{\"@type\":\"WebPage\",\"@id\":\"https:\/\/www.explore-greece.com\/siteseeing\/\",\"url\":\"https:\/\/www.explore-greece.com\/siteseeing\/\",\"name\":\"Siteseeing - Explore Greece\",\"isPartOf\":{\"@id\":\"https:\/\/www.explore-greece.com\/es\/#website\"},\"datePublished\":\"2019-03-07T17:07:08+00:00\",\"dateModified\":\"2019-03-09T14:29:28+00:00\",\"breadcrumb\":{\"@id\":\"https:\/\/www.explore-greece.com\/siteseeing\/#breadcrumb\"},\"inLanguage\":\"fr-FR\",\"potentialAction\":[{\"@type\":\"ReadAction\",\"target\":[\"https:\/\/www.explore-greece.com\/siteseeing\/\"]}]},{\"@type\":\"BreadcrumbList\",\"@id\":\"https:\/\/www.explore-greece.com\/siteseeing\/#breadcrumb\",\"itemListElement\":[{\"@type\":\"ListItem\",\"position\":1,\"name\":\"Home\",\"item\":\"https:\/\/www.explore-greece.com\/es\/\"},{\"@type\":\"ListItem\",\"position\":2,\"name\":\"Siteseeing\"}]},{\"@type\":\"WebSite\",\"@id\":\"https:\/\/www.explore-greece.com\/es\/#website\",\"url\":\"https:\/\/www.explore-greece.com\/es\/\",\"name\":\"Explore Greece\",\"description\":\"\",\"publisher\":{\"@id\":\"https:\/\/www.explore-greece.com\/es\/#organization\"},\"potentialAction\":[{\"@type\":\"SearchAction\",\"target\":{\"@type\":\"EntryPoint\",\"urlTemplate\":\"https:\/\/www.explore-greece.com\/es\/?s={search_term_string}\"},\"query-input\":\"required name=search_term_string\"}],\"inLanguage\":\"fr-FR\"},{\"@type\":\"Organization\",\"@id\":\"https:\/\/www.explore-greece.com\/es\/#organization\",\"name\":\"Explore Greece\",\"url\":\"https:\/\/www.explore-greece.com\/es\/\",\"logo\":{\"@type\":\"ImageObject\",\"inLanguage\":\"fr-FR\",\"@id\":\"https:\/\/www.explore-greece.com\/es\/#\/schema\/logo\/image\/\",\"url\":\"https:\/\/www.explore-greece.com\/wp-content\/uploads\/2019\/02\/apple-touch-icon.png\",\"contentUrl\":\"https:\/\/www.explore-greece.com\/wp-content\/uploads\/2019\/02\/apple-touch-icon.png\",\"width\":180,\"height\":180,\"caption\":\"Explore Greece\"},\"image\":{\"@id\":\"https:\/\/www.explore-greece.com\/es\/#\/schema\/logo\/image\/\"}}]}<\/script>\n<!-- \/ Yoast SEO plugin. -->","yoast_head_json":{"title":"Siteseeing - Explore Greece","robots":{"index":"index","follow":"follow","max-snippet":"max-snippet:-1","max-image-preview":"max-image-preview:large","max-video-preview":"max-video-preview:-1"},"canonical":"https:\/\/www.explore-greece.com\/fr\/visite-du-site\/","og_locale":"fr_FR","og_type":"article","og_title":"Siteseeing - Explore Greece","og_description":"Explore Greece","og_url":"https:\/\/www.explore-greece.com\/fr\/visite-du-site\/","og_site_name":"Explore Greece","article_modified_time":"2019-03-09T14:29:28+00:00","twitter_card":"summary_large_image","schema":{"@context":"https:\/\/schema.org","@graph":[{"@type":"WebPage","@id":"https:\/\/www.explore-greece.com\/siteseeing\/","url":"https:\/\/www.explore-greece.com\/siteseeing\/","name":"Siteseeing - Explore Greece","isPartOf":{"@id":"https:\/\/www.explore-greece.com\/es\/#website"},"datePublished":"2019-03-07T17:07:08+00:00","dateModified":"2019-03-09T14:29:28+00:00","breadcrumb":{"@id":"https:\/\/www.explore-greece.com\/siteseeing\/#breadcrumb"},"inLanguage":"fr-FR","potentialAction":[{"@type":"ReadAction","target":["https:\/\/www.explore-greece.com\/siteseeing\/"]}]},{"@type":"BreadcrumbList","@id":"https:\/\/www.explore-greece.com\/siteseeing\/#breadcrumb","itemListElement":[{"@type":"ListItem","position":1,"name":"Home","item":"https:\/\/www.explore-greece.com\/es\/"},{"@type":"ListItem","position":2,"name":"Siteseeing"}]},{"@type":"WebSite","@id":"https:\/\/www.explore-greece.com\/es\/#website","url":"https:\/\/www.explore-greece.com\/es\/","name":"Explore Greece","description":"","publisher":{"@id":"https:\/\/www.explore-greece.com\/es\/#organization"},"potentialAction":[{"@type":"SearchAction","target":{"@type":"EntryPoint","urlTemplate":"https:\/\/www.explore-greece.com\/es\/?s={search_term_string}"},"query-input":"required name=search_term_string"}],"inLanguage":"fr-FR"},{"@type":"Organization","@id":"https:\/\/www.explore-greece.com\/es\/#organization","name":"Explore Greece","url":"https:\/\/www.explore-greece.com\/es\/","logo":{"@type":"ImageObject","inLanguage":"fr-FR","@id":"https:\/\/www.explore-greece.com\/es\/#\/schema\/logo\/image\/","url":"https:\/\/www.explore-greece.com\/wp-content\/uploads\/2019\/02\/apple-touch-icon.png","contentUrl":"https:\/\/www.explore-greece.com\/wp-content\/uploads\/2019\/02\/apple-touch-icon.png","width":180,"height":180,"caption":"Explore Greece"},"image":{"@id":"https:\/\/www.explore-greece.com\/es\/#\/schema\/logo\/image\/"}}]}},"_links":{"self":[{"href":"https:\/\/www.explore-greece.com\/fr\/wp-json\/wp\/v2\/pages\/615"}],"collection":[{"href":"https:\/\/www.explore-greece.com\/fr\/wp-json\/wp\/v2\/pages"}],"about":[{"href":"https:\/\/www.explore-greece.com\/fr\/wp-json\/wp\/v2\/types\/page"}],"author":[{"embeddable":true,"href":"https:\/\/www.explore-greece.com\/fr\/wp-json\/wp\/v2\/users\/1"}],"replies":[{"embeddable":true,"href":"https:\/\/www.explore-greece.com\/fr\/wp-json\/wp\/v2\/comments?post=615"}],"version-history":[{"count":5,"href":"https:\/\/www.explore-greece.com\/fr\/wp-json\/wp\/v2\/pages\/615\/revisions"}],"predecessor-version":[{"id":781,"href":"https:\/\/www.explore-greece.com\/fr\/wp-json\/wp\/v2\/pages\/615\/revisions\/781"}],"wp:attachment":[{"href":"https:\/\/www.explore-greece.com\/fr\/wp-json\/wp\/v2\/media?parent=615"}],"curies":[{"name":"wp","href":"https:\/\/api.w.org\/{rel}","templated":true}]}}